{"id":258,"date":"2018-01-22T10:17:40","date_gmt":"2018-01-22T14:17:40","guid":{"rendered":"http:\/\/ayuntamiento.o\/transparencia\/?page_id=258"},"modified":"2025-02-17T12:51:38","modified_gmt":"2025-02-17T16:51:38","slug":"responsable-de-acceso-a-la-informacion","status":"publish","type":"page","link":"https:\/\/distritomunicipalguatapanal.gob.do\/transparencia\/responsable-de-acceso-a-la-informacion\/","title":{"rendered":"Responsable de Acceso a la Informaci\u00f3n"},"content":{"rendered":"<p><a href=\"http:\/\/distritomunicipalguatapanal.gob.do\/transparencia\/responsable-de-acceso-a-la-informacion\/\">Responsable de Acceso a la Informaci\u00f3n<\/a><\/p>\n<p>LUIS JAVIER VALDEZ DILONE.<\/p>\n<p>Responsable de Acceso a la Informaci\u00f3n Distrital (RAIM)<\/p>\n<p>Tel\u00e9fono: 849-530-1110<\/p>\n<h3>Correo libreacceso.juntaguatapanal@gmail.com<\/h3>\n<p>Direcci\u00f3n: Calle Coronel Fern\u00e1ndez Dom\u00ednguez, Guatapanal, Mao Valverde R.D.<\/p>\n<p>\u00a0<\/p>\n\n\n<div class=\"wp-block-file\"><object class=\"wp-block-file__embed\" data=\"http:\/\/distritomunicipalguatapanal.gob.do\/transparencia\/wp-content\/uploads\/2024\/09\/Designacio\u0301n-.pdf\" type=\"application\/pdf\" style=\"width:100%;height:600px\" aria-label=\"Incrustado de Designacio\u0301n.\"><\/object><a id=\"wp-block-file--media-e7156008-0701-426d-9a82-962a03817383\" href=\"http:\/\/distritomunicipalguatapanal.gob.do\/transparencia\/wp-content\/uploads\/2024\/09\/Designacio\u0301n-.pdf\">Designacio\u0301n<\/a><a href=\"http:\/\/distritomunicipalguatapanal.gob.do\/transparencia\/wp-content\/uploads\/2024\/09\/Designacio\u0301n-.pdf\" class=\"wp-block-file__button\" download aria-describedby=\"wp-block-file--media-e7156008-0701-426d-9a82-962a03817383\">Descarga<\/a><\/div>\n","protected":false},"excerpt":{"rendered":"Responsable de Acceso a la Informaci\u00f3n LUIS JAVIER VALDEZ DILONE. Responsable de Acceso a la Informaci\u00f3n Distrital (RAIM) Tel\u00e9fono: 849-530-1110 Correo libreacceso.juntaguatapanal@gmail.com Direcci\u00f3n: Calle Coronel Fern\u00e1ndez Dom\u00ednguez, Guatapanal, Mao Valverde R.D. \u00a0","protected":false},"author":4,"featured_media":0,"parent":0,"menu_order":0,"comment_status":"closed","ping_status":"closed","template":"","meta":[],"acf":[],"_links":{"self":[{"href":"https:\/\/distritomunicipalguatapanal.gob.do\/transparencia\/wp-json\/wp\/v2\/pages\/258"}],"collection":[{"href":"https:\/\/distritomunicipalguatapanal.gob.do\/transparencia\/wp-json\/wp\/v2\/pages"}],"about":[{"href":"https:\/\/distritomunicipalguatapanal.gob.do\/transparencia\/wp-json\/wp\/v2\/types\/page"}],"author":[{"embeddable":true,"href":"https:\/\/distritomunicipalguatapanal.gob.do\/transparencia\/wp-json\/wp\/v2\/users\/4"}],"replies":[{"embeddable":true,"href":"https:\/\/distritomunicipalguatapanal.gob.do\/transparencia\/wp-json\/wp\/v2\/comments?post=258"}],"version-history":[{"count":4,"href":"https:\/\/distritomunicipalguatapanal.gob.do\/transparencia\/wp-json\/wp\/v2\/pages\/258\/revisions"}],"predecessor-version":[{"id":1762,"href":"https:\/\/distritomunicipalguatapanal.gob.do\/transparencia\/wp-json\/wp\/v2\/pages\/258\/revisions\/1762"}],"wp:attachment":[{"href":"https:\/\/distritomunicipalguatapanal.gob.do\/transparencia\/wp-json\/wp\/v2\/media?parent=258"}],"curies":[{"name":"wp","href":"https:\/\/api.w.org\/{rel}","templated":true}]}}